{"id":101,"date":"2023-03-09T17:32:28","date_gmt":"2023-03-09T17:32:28","guid":{"rendered":"https:\/\/www.serviambient.com\/app-web\/?page_id=101"},"modified":"2023-03-10T03:50:28","modified_gmt":"2023-03-10T03:50:28","slug":"residuos-peligrosos","status":"publish","type":"page","link":"https:\/\/www.serviambient.com\/app-web\/residuos-peligrosos\/","title":{"rendered":"\u00bfQu\u00e9 son los residuos peligrosos?"},"content":{"rendered":"\n<figure class=\"wp-block-image aligncenter size-full is-resized\"><img loading=\"lazy\" decoding=\"async\" src=\"https:\/\/www.serviambient.com\/app-web\/wp-content\/uploads\/2023\/03\/Ambient_200_negativo.png\" alt=\"\" class=\"wp-image-70\" width=\"280\" height=\"70\"\/><\/figure>\n\n\n\n<p><\/p>\n\n\n\n<div class=\"section-wrapper\" data-id=\"ZpUOCL\"><section class=\"wp-block-gutenverse-section guten-element guten-section guten-ZpUOCL layout-boxed align-stretch\"><div class=\"guten-background-overlay\"><\/div><div class=\"guten-shape-divider guten-shape-divider-top\"><\/div><div class=\"guten-shape-divider guten-shape-divider-bottom\"><\/div><div class=\"guten-container guten-column-gap-no\">\n<div class=\"wp-block-gutenverse-column guten-element guten-column guten-Trv65f\"><div class=\"guten-background-overlay\"><\/div><div class=\"sticky-wrapper\" data-id=\"Trv65f\"><div class=\"guten-column-wrapper\">\n<div class=\"wp-block-gutenverse-image guten-element guten-image guten-eU3PSG animated guten-element-hide desktop-fadeInLeft\"><a class=\"guten-image-wrapper\"><img loading=\"lazy\" decoding=\"async\" class=\"gutenverse-image-box-filled\" src=\"https:\/\/www.serviambient.com\/app-web\/wp-content\/uploads\/2023\/03\/respel.jpg\" height=\"392\" width=\"584\"\/><\/a><\/div>\n<\/div><\/div><\/div>\n\n\n\n<div class=\"wp-block-gutenverse-column guten-element guten-column guten-ub70oE\"><div class=\"guten-background-overlay\"><\/div><div class=\"sticky-wrapper\" data-id=\"ub70oE\"><div class=\"guten-column-wrapper\">\n<h2 class=\"wp-block-gutenverse-heading guten-element guten-qVZetJ animated guten-element-hide desktop-fadeInRight\">RESPEL<\/h2>\n\n\n\n<h2 class=\"wp-block-gutenverse-heading guten-element guten-adfs0e animated guten-element-hide desktop-fadeInRight\"><strong>Residuos Peligrosos<\/strong><\/h2>\n\n\n\n<div class=\"guten-element gutenverse-text-editor guten-OBXPHu animated guten-element-hide desktop-fadeInRight\"><div class=\"text-content-inner\">\n<p>Por lo general se entiende por residuos peligrosos \u2013 RESPEL aquellos residuos que, debido a sus peligros intr\u00ednsecos, por ejemplo, ser corrosivos, reactivos, explosivos, t\u00f3xicos, inflamables, pueden causar da\u00f1os o efectos indeseados a la salud o al ambiente. Los RESPEL se pueden encontrar en estado s\u00f3lido o semis\u00f3lido o ser l\u00edquidos o gases contenidos en recipientes (por ejemplo, en cilindros de gas).<\/p>\n\n\n\n<p>\u00a1Podemos encargarnos de tus residuos!<\/p>\n<\/div><\/div>\n\n\n\n<div class=\"guten-element guten-button-wrapper guten-i9v5Ws\"><a class=\"guten-button animated guten-element-hide desktop-fadeInRight guten-button-sm\" href=\"https:\/\/contacto.serviambient.com\"><span>Cont\u00e1ctanos<\/span><\/a><\/div>\n<\/div><\/div><\/div>\n<\/div><\/section><\/div>\n\n\n\n<div class=\"guten-element guten-tabs guten-HfUSK0 horizontal\"><div class=\"tab-heading\"><div class=\"tab-heading-item active\" id=\"xA8cGp\" data-id=\"xA8cGp\"><span>Pol\u00edtica ambiental<\/span><\/div><div class=\"tab-heading-item\" id=\"e05Ov3\" data-id=\"e05Ov3\"><span>Objetivo de la pol\u00edtica<\/span><\/div><div class=\"tab-heading-item\" id=\"W5EwUx\" data-id=\"W5EwUx\"><span>Disposici\u00f3n Final<\/span><\/div><\/div><div class=\"tab-heading-mobile\"><div class=\"tab-title\"><span>Pol\u00edtica ambiental<\/span><i class=\"tab-dropdown-icon fas\"><\/i><\/div><div class=\"tab-option\"><div data-id=\"xA8cGp\" class=\"tab-option-item active\"><span>Pol\u00edtica ambiental<\/span><\/div><div data-id=\"e05Ov3\" class=\"tab-option-item\"><span>Objetivo de la pol\u00edtica<\/span><\/div><div data-id=\"W5EwUx\" class=\"tab-option-item\"><span>Disposici\u00f3n Final<\/span><\/div><\/div><\/div><div class=\"tab-body\">\n<div class=\"xA8cGp tab-body-item\" data-id=\"xA8cGp\">\n<p>En 2005, el Minambiente promulg\u00f3 la Pol\u00edtica ambiental para la gesti\u00f3n integral de residuos o desechos peligrosos, con el objetivo de prevenir la generaci\u00f3n de los RESPEL y promover el manejo ambientalmente adecuado de los que se generaran, con el fin de minimizar los riesgos sobre la salud humana y el ambiente. La implementaci\u00f3n de esta Pol\u00edtica junto con sus estrategias y acciones ten\u00edan un horizonte de tiempo al 2018.<\/p>\n\n\n\n<p>En 2019, el Minambiente realiz\u00f3 una evaluaci\u00f3n de implementaci\u00f3n y resultados de esta pol\u00edtica, la cual evidenci\u00f3 que, si bien durante los 13 a\u00f1os de desarrollo de esta se alcanzaron resultados muy positivos y se avanz\u00f3 en el cumplimiento de sus objetivos, a\u00fan persisten algunas falencias asociadas tanto con la generaci\u00f3n como con el manejo de estos residuos.<\/p>\n\n\n\n<p>Con base en lo anterior y los desaf\u00edos que actualmente enfrenta el pa\u00eds en materia de RESPEL, durante el 2020 y 2021 Minambiente se dio a la tarea de actualizar la pol\u00edtica de residuos peligrosos y su plan de acci\u00f3n a trav\u00e9s de un proceso de construcci\u00f3n colectiva.<\/p>\n\n\n\n<p>Fue as\u00ed como el 21 de abril de 2022 Minambiente aprueba el documento de actualizaci\u00f3n de la Pol\u00edtica ambiental para la gesti\u00f3n integral de residuos peligrosos y su plan de acci\u00f3n 2022-2030.<\/p>\n<\/div>\n\n\n\n<div class=\"e05Ov3 tab-body-item\" data-id=\"e05Ov3\">\n<p>Continuar fortaleciendo la gesti\u00f3n integral de los residuos peligrosos, reconociendo las necesidades de los diferentes grupos de inter\u00e9s, as\u00ed como la problem\u00e1tica ambiental asociada a su generaci\u00f3n y manejo, con el fin de proteger el ambiente y la salud humana, contribuyendo as\u00ed al desarrollo sostenible del pa\u00eds.<\/p>\n\n\n\n<p>Se pretende, entre otros fines, apalancar la adecuada gesti\u00f3n de RESPEL aplicando la jerarqu\u00eda de los residuos, que es una secuencia ordenada de modalidades de gesti\u00f3n de menor a mayor impacto ambiental en la que prima la prevenci\u00f3n, la reutilizaci\u00f3n y el aprovechamiento o la recuperaci\u00f3n de materiales de los RESPEL frente a otras operaciones como el tratamiento y la disposici\u00f3n, siendo uno de los elementos relevantes en la transici\u00f3n hacia una econom\u00eda circular.<\/p>\n\n\n\n<div class=\"guten-element guten-advanced-heading guten-h1FhwX\"><div class=\"heading-section \"><div class=\"heading-line before\"><\/div><h2 class=\"heading-title\">Objetivos y <span class=\"heading-focus\">l\u00edneas estrat\u00e9gicas<\/span><\/h2><\/div><span class=\"heading-subtitle\">La Pol\u00edtica cuenta con cinco (5) objetivos espec\u00edficos y ha priorizado las siguientes 11 l\u00edneas estrat\u00e9gicas de trabajo de las cuales se desprenden 47 acciones en su Plan de acci\u00f3n 2022-2030<\/span><\/div>\n\n\n\n<figure class=\"wp-block-image is-resized\"><img loading=\"lazy\" decoding=\"async\" src=\"https:\/\/www.serviambient.com\/app-web\/wp-content\/uploads\/2023\/03\/imagen_2023-03-09_154445331.png\" alt=\"\" class=\"wp-image-129\" width=\"972\" height=\"1241\" srcset=\"https:\/\/www.serviambient.com\/app-web\/wp-content\/uploads\/2023\/03\/imagen_2023-03-09_154445331.png 668w, https:\/\/www.serviambient.com\/app-web\/wp-content\/uploads\/2023\/03\/imagen_2023-03-09_154445331-235x300.png 235w\" sizes=\"(max-width: 972px) 100vw, 972px\" \/><\/figure>\n<\/div>\n\n\n\n<div class=\"W5EwUx tab-body-item\" data-id=\"W5EwUx\">\n<p>En Ambient tenemos toda la capacidad log\u00edstica necesaria para llevar a cabo una disposici\u00f3n final adecuada de los residuos peligrosos; adem\u00e1s estamos en la plena capacidad de emitir un certificado legal de los residuos que se reciben por parte de nuestros clientes.<\/p>\n\n\n\n<p>Con nosotros tienes 3 opciones para la disposici\u00f3n final de los residuos, las cuales var\u00edan dependiendo del caso:<\/p>\n\n\n\n<div class=\"section-wrapper\" data-id=\"s1e4d6\"><section class=\"wp-block-gutenverse-section guten-element guten-section guten-s1e4d6 layout-boxed align-stretch\"><div class=\"guten-background-overlay\"><\/div><div class=\"guten-shape-divider guten-shape-divider-top\"><\/div><div class=\"guten-shape-divider guten-shape-divider-bottom\"><\/div><div class=\"guten-container guten-column-gap-default\">\n<div class=\"wp-block-gutenverse-column guten-element guten-column guten-5VDk2j\"><div class=\"guten-background-overlay\"><\/div><div class=\"sticky-wrapper\" data-id=\"5VDk2j\"><div class=\"guten-column-wrapper\">\n<figure class=\"wp-block-image size-large is-resized\"><img loading=\"lazy\" decoding=\"async\" src=\"https:\/\/www.serviambient.com\/app-web\/wp-content\/uploads\/2023\/03\/imagen_2023-03-09_170603667-1024x1024.png\" alt=\"\" class=\"wp-image-154\" width=\"396\" height=\"396\" srcset=\"https:\/\/www.serviambient.com\/app-web\/wp-content\/uploads\/2023\/03\/imagen_2023-03-09_170603667-1024x1024.png 1024w, https:\/\/www.serviambient.com\/app-web\/wp-content\/uploads\/2023\/03\/imagen_2023-03-09_170603667-300x300.png 300w, https:\/\/www.serviambient.com\/app-web\/wp-content\/uploads\/2023\/03\/imagen_2023-03-09_170603667-150x150.png 150w, https:\/\/www.serviambient.com\/app-web\/wp-content\/uploads\/2023\/03\/imagen_2023-03-09_170603667-768x769.png 768w, https:\/\/www.serviambient.com\/app-web\/wp-content\/uploads\/2023\/03\/imagen_2023-03-09_170603667.png 1190w\" sizes=\"(max-width: 396px) 100vw, 396px\" \/><\/figure>\n<\/div><\/div><\/div>\n\n\n\n<div class=\"wp-block-gutenverse-column guten-element guten-column guten-R3GmS4\"><div class=\"guten-background-overlay\"><\/div><div class=\"sticky-wrapper\" data-id=\"R3GmS4\"><div class=\"guten-column-wrapper\">\n<p class=\"has-primary-font-family has-normal-font-size\" style=\"padding-top:var(--wp--preset--spacing--50);padding-right:var(--wp--preset--spacing--50);padding-bottom:var(--wp--preset--spacing--50);padding-left:var(--wp--preset--spacing--50)\">La esterilizaci\u00f3n se consigue al someter el n\u00facleo de los residuos a una temperatura de 138 \u00b0C durante 10 minutos. Despu\u00e9s de enfriarse, los residuos resultantes pueden ser reciclados o colocados en los contenedores de basura com\u00fan. Los residuos son neutralizados (Inactivaci\u00f3n = 108) y su volumen es reducido hasta 80%.<\/p>\n<\/div><\/div><\/div>\n<\/div><\/section><\/div>\n\n\n\n<div class=\"section-wrapper\" data-id=\"OkvJwS\"><section class=\"wp-block-gutenverse-section guten-element guten-section guten-OkvJwS layout-boxed align-stretch\"><div class=\"guten-background-overlay\"><\/div><div class=\"guten-shape-divider guten-shape-divider-top\"><\/div><div class=\"guten-shape-divider guten-shape-divider-bottom\"><\/div><div class=\"guten-container guten-column-gap-default\">\n<div class=\"wp-block-gutenverse-column guten-element guten-column guten-ATR4XG\"><div class=\"guten-background-overlay\"><\/div><div class=\"sticky-wrapper\" data-id=\"ATR4XG\"><div class=\"guten-column-wrapper\">\n<p class=\"has-primary-font-family has-normal-font-size\" style=\"padding-top:var(--wp--preset--spacing--50);padding-right:var(--wp--preset--spacing--50);padding-bottom:var(--wp--preset--spacing--50);padding-left:var(--wp--preset--spacing--50)\">La celda de seguridad es la obra de ingenier\u00eda que permite controlar la contaminaci\u00f3n que pueden ocasionar los residuos peligrosos generados en establecimientos de salud a trav\u00e9s de una disposici\u00f3n adecuada, evitando que estos se dispersen y puedan generar un problema de salud y al medio ambiente.<\/p>\n<\/div><\/div><\/div>\n\n\n\n<div class=\"wp-block-gutenverse-column guten-element guten-column guten-x7dkMO\"><div class=\"guten-background-overlay\"><\/div><div class=\"sticky-wrapper\" data-id=\"x7dkMO\"><div class=\"guten-column-wrapper\">\n<figure class=\"wp-block-image size-full is-resized\"><img loading=\"lazy\" decoding=\"async\" src=\"https:\/\/www.serviambient.com\/app-web\/wp-content\/uploads\/2023\/03\/imagen_2023-03-09_162250542.png\" alt=\"\" class=\"wp-image-146\" width=\"471\" height=\"344\"\/><\/figure>\n<\/div><\/div><\/div>\n<\/div><\/section><\/div>\n\n\n\n<div class=\"section-wrapper\" data-id=\"vgI85A\"><section class=\"wp-block-gutenverse-section guten-element guten-section guten-vgI85A layout-boxed align-stretch\"><div class=\"guten-background-overlay\"><\/div><div class=\"guten-shape-divider guten-shape-divider-top\"><\/div><div class=\"guten-shape-divider guten-shape-divider-bottom\"><\/div><div class=\"guten-container guten-column-gap-default\">\n<div class=\"wp-block-gutenverse-column guten-element guten-column guten-9M3wNe\"><div class=\"guten-background-overlay\"><\/div><div class=\"sticky-wrapper\" data-id=\"9M3wNe\"><div class=\"guten-column-wrapper\">\n<figure class=\"wp-block-image size-full\"><img loading=\"lazy\" decoding=\"async\" width=\"740\" height=\"740\" src=\"https:\/\/www.serviambient.com\/app-web\/wp-content\/uploads\/2023\/03\/imagen_2023-03-09_160633916.png\" alt=\"\" class=\"wp-image-134\" srcset=\"https:\/\/www.serviambient.com\/app-web\/wp-content\/uploads\/2023\/03\/imagen_2023-03-09_160633916.png 740w, https:\/\/www.serviambient.com\/app-web\/wp-content\/uploads\/2023\/03\/imagen_2023-03-09_160633916-300x300.png 300w, https:\/\/www.serviambient.com\/app-web\/wp-content\/uploads\/2023\/03\/imagen_2023-03-09_160633916-150x150.png 150w\" sizes=\"(max-width: 740px) 100vw, 740px\" \/><\/figure>\n<\/div><\/div><\/div>\n\n\n\n<div class=\"wp-block-gutenverse-column guten-element guten-column guten-scGBv5\"><div class=\"guten-background-overlay\"><\/div><div class=\"sticky-wrapper\" data-id=\"scGBv5\"><div class=\"guten-column-wrapper\">\n<p class=\"has-large-font-size\" style=\"padding-top:var(--wp--preset--spacing--60);padding-right:var(--wp--preset--spacing--60);padding-bottom:var(--wp--preset--spacing--60);padding-left:var(--wp--preset--spacing--60)\">Una de las opciones es la incineraci\u00f3n, la cual aplica en los casos en que los residuos no son aprovechables, por lo tanto no se pueden esterilizar ni reutilizar; para que no representen ning\u00fan riesgo, se deben incinerar de manera controlada, empleando m\u00e9todos seguros <\/p>\n<\/div><\/div><\/div>\n<\/div><\/section><\/div>\n<\/div>\n\n\n\n<div class=\"tab-body-item\">\n<p><\/p>\n<\/div>\n\n\n\n<div class=\"tab-body-item\">\n<p><\/p>\n<\/div>\n<\/div><\/div>\n","protected":false},"excerpt":{"rendered":"","protected":false},"author":1,"featured_media":0,"parent":0,"menu_order":0,"comment_status":"closed","ping_status":"closed","template":"","meta":{"footnotes":""},"class_list":["post-101","page","type-page","status-publish","hentry"],"yoast_head":"<!-- This site is optimized with the Yoast SEO plugin v20.2.1 - https:\/\/yoast.com\/wordpress\/plugins\/seo\/ -->\n<title>\u00bfQu\u00e9 son los residuos peligrosos? - Ambient<\/title>\n<meta name=\"description\" content=\"RESPEL o residuos peligrosos son todos aquellos que representan un riesgo para las personas o el medio ambiente; \u00a1Esa es nuestra especialidad!\" \/>\n<meta name=\"robots\" content=\"index, follow, max-snippet:-1, max-image-preview:large, max-video-preview:-1\" \/>\n<link rel=\"canonical\" href=\"https:\/\/www.serviambient.com\/app-web\/residuos-peligrosos\/\" \/>\n<meta property=\"og:locale\" content=\"es_ES\" \/>\n<meta property=\"og:type\" content=\"article\" \/>\n<meta property=\"og:title\" content=\"\u00bfQu\u00e9 son los residuos peligrosos? - Ambient\" \/>\n<meta property=\"og:description\" content=\"RESPEL o residuos peligrosos son todos aquellos que representan un riesgo para las personas o el medio ambiente; \u00a1Esa es nuestra especialidad!\" \/>\n<meta property=\"og:url\" content=\"https:\/\/www.serviambient.com\/app-web\/residuos-peligrosos\/\" \/>\n<meta property=\"og:site_name\" content=\"Ambient\" \/>\n<meta property=\"article:modified_time\" content=\"2023-03-10T03:50:28+00:00\" \/>\n<meta property=\"og:image\" content=\"https:\/\/www.serviambient.com\/app-web\/wp-content\/uploads\/2023\/03\/Ambient_200_negativo.png\" \/>\n<meta name=\"twitter:card\" content=\"summary_large_image\" \/>\n<meta name=\"twitter:label1\" content=\"Tiempo de lectura\" \/>\n\t<meta name=\"twitter:data1\" content=\"5 minutos\" \/>\n<script type=\"application\/ld+json\" class=\"yoast-schema-graph\">{\"@context\":\"https:\/\/schema.org\",\"@graph\":[{\"@type\":\"WebPage\",\"@id\":\"https:\/\/www.serviambient.com\/app-web\/residuos-peligrosos\/\",\"url\":\"https:\/\/www.serviambient.com\/app-web\/residuos-peligrosos\/\",\"name\":\"\u00bfQu\u00e9 son los residuos peligrosos? - Ambient\",\"isPartOf\":{\"@id\":\"https:\/\/www.serviambient.com\/app-web\/#website\"},\"datePublished\":\"2023-03-09T17:32:28+00:00\",\"dateModified\":\"2023-03-10T03:50:28+00:00\",\"description\":\"RESPEL o residuos peligrosos son todos aquellos que representan un riesgo para las personas o el medio ambiente; \u00a1Esa es nuestra especialidad!\",\"breadcrumb\":{\"@id\":\"https:\/\/www.serviambient.com\/app-web\/residuos-peligrosos\/#breadcrumb\"},\"inLanguage\":\"es\",\"potentialAction\":[{\"@type\":\"ReadAction\",\"target\":[\"https:\/\/www.serviambient.com\/app-web\/residuos-peligrosos\/\"]}]},{\"@type\":\"BreadcrumbList\",\"@id\":\"https:\/\/www.serviambient.com\/app-web\/residuos-peligrosos\/#breadcrumb\",\"itemListElement\":[{\"@type\":\"ListItem\",\"position\":1,\"name\":\"Home\",\"item\":\"https:\/\/www.serviambient.com\/app-web\/\"},{\"@type\":\"ListItem\",\"position\":2,\"name\":\"\u00bfQu\u00e9 son los residuos peligrosos?\"}]},{\"@type\":\"WebSite\",\"@id\":\"https:\/\/www.serviambient.com\/app-web\/#website\",\"url\":\"https:\/\/www.serviambient.com\/app-web\/\",\"name\":\"Ambient\",\"description\":\"Expertos en RESPEL\",\"publisher\":{\"@id\":\"https:\/\/www.serviambient.com\/app-web\/#organization\"},\"potentialAction\":[{\"@type\":\"SearchAction\",\"target\":{\"@type\":\"EntryPoint\",\"urlTemplate\":\"https:\/\/www.serviambient.com\/app-web\/?s={search_term_string}\"},\"query-input\":\"required name=search_term_string\"}],\"inLanguage\":\"es\"},{\"@type\":\"Organization\",\"@id\":\"https:\/\/www.serviambient.com\/app-web\/#organization\",\"name\":\"Ambient\",\"url\":\"https:\/\/www.serviambient.com\/app-web\/\",\"logo\":{\"@type\":\"ImageObject\",\"inLanguage\":\"es\",\"@id\":\"https:\/\/www.serviambient.com\/app-web\/#\/schema\/logo\/image\/\",\"url\":\"https:\/\/www.serviambient.com\/app-web\/wp-content\/uploads\/2023\/02\/cropped-Logo_512.png\",\"contentUrl\":\"https:\/\/www.serviambient.com\/app-web\/wp-content\/uploads\/2023\/02\/cropped-Logo_512.png\",\"width\":512,\"height\":512,\"caption\":\"Ambient\"},\"image\":{\"@id\":\"https:\/\/www.serviambient.com\/app-web\/#\/schema\/logo\/image\/\"}}]}<\/script>\n<!-- \/ Yoast SEO plugin. -->","yoast_head_json":{"title":"\u00bfQu\u00e9 son los residuos peligrosos? - Ambient","description":"RESPEL o residuos peligrosos son todos aquellos que representan un riesgo para las personas o el medio ambiente; \u00a1Esa es nuestra especialidad!","robots":{"index":"index","follow":"follow","max-snippet":"max-snippet:-1","max-image-preview":"max-image-preview:large","max-video-preview":"max-video-preview:-1"},"canonical":"https:\/\/www.serviambient.com\/app-web\/residuos-peligrosos\/","og_locale":"es_ES","og_type":"article","og_title":"\u00bfQu\u00e9 son los residuos peligrosos? - Ambient","og_description":"RESPEL o residuos peligrosos son todos aquellos que representan un riesgo para las personas o el medio ambiente; \u00a1Esa es nuestra especialidad!","og_url":"https:\/\/www.serviambient.com\/app-web\/residuos-peligrosos\/","og_site_name":"Ambient","article_modified_time":"2023-03-10T03:50:28+00:00","og_image":[{"url":"https:\/\/www.serviambient.com\/app-web\/wp-content\/uploads\/2023\/03\/Ambient_200_negativo.png"}],"twitter_card":"summary_large_image","twitter_misc":{"Tiempo de lectura":"5 minutos"},"schema":{"@context":"https:\/\/schema.org","@graph":[{"@type":"WebPage","@id":"https:\/\/www.serviambient.com\/app-web\/residuos-peligrosos\/","url":"https:\/\/www.serviambient.com\/app-web\/residuos-peligrosos\/","name":"\u00bfQu\u00e9 son los residuos peligrosos? - Ambient","isPartOf":{"@id":"https:\/\/www.serviambient.com\/app-web\/#website"},"datePublished":"2023-03-09T17:32:28+00:00","dateModified":"2023-03-10T03:50:28+00:00","description":"RESPEL o residuos peligrosos son todos aquellos que representan un riesgo para las personas o el medio ambiente; \u00a1Esa es nuestra especialidad!","breadcrumb":{"@id":"https:\/\/www.serviambient.com\/app-web\/residuos-peligrosos\/#breadcrumb"},"inLanguage":"es","potentialAction":[{"@type":"ReadAction","target":["https:\/\/www.serviambient.com\/app-web\/residuos-peligrosos\/"]}]},{"@type":"BreadcrumbList","@id":"https:\/\/www.serviambient.com\/app-web\/residuos-peligrosos\/#breadcrumb","itemListElement":[{"@type":"ListItem","position":1,"name":"Home","item":"https:\/\/www.serviambient.com\/app-web\/"},{"@type":"ListItem","position":2,"name":"\u00bfQu\u00e9 son los residuos peligrosos?"}]},{"@type":"WebSite","@id":"https:\/\/www.serviambient.com\/app-web\/#website","url":"https:\/\/www.serviambient.com\/app-web\/","name":"Ambient","description":"Expertos en RESPEL","publisher":{"@id":"https:\/\/www.serviambient.com\/app-web\/#organization"},"potentialAction":[{"@type":"SearchAction","target":{"@type":"EntryPoint","urlTemplate":"https:\/\/www.serviambient.com\/app-web\/?s={search_term_string}"},"query-input":"required name=search_term_string"}],"inLanguage":"es"},{"@type":"Organization","@id":"https:\/\/www.serviambient.com\/app-web\/#organization","name":"Ambient","url":"https:\/\/www.serviambient.com\/app-web\/","logo":{"@type":"ImageObject","inLanguage":"es","@id":"https:\/\/www.serviambient.com\/app-web\/#\/schema\/logo\/image\/","url":"https:\/\/www.serviambient.com\/app-web\/wp-content\/uploads\/2023\/02\/cropped-Logo_512.png","contentUrl":"https:\/\/www.serviambient.com\/app-web\/wp-content\/uploads\/2023\/02\/cropped-Logo_512.png","width":512,"height":512,"caption":"Ambient"},"image":{"@id":"https:\/\/www.serviambient.com\/app-web\/#\/schema\/logo\/image\/"}}]}},"_links":{"self":[{"href":"https:\/\/www.serviambient.com\/app-web\/wp-json\/wp\/v2\/pages\/101"}],"collection":[{"href":"https:\/\/www.serviambient.com\/app-web\/wp-json\/wp\/v2\/pages"}],"about":[{"href":"https:\/\/www.serviambient.com\/app-web\/wp-json\/wp\/v2\/types\/page"}],"author":[{"embeddable":true,"href":"https:\/\/www.serviambient.com\/app-web\/wp-json\/wp\/v2\/users\/1"}],"replies":[{"embeddable":true,"href":"https:\/\/www.serviambient.com\/app-web\/wp-json\/wp\/v2\/comments?post=101"}],"version-history":[{"count":26,"href":"https:\/\/www.serviambient.com\/app-web\/wp-json\/wp\/v2\/pages\/101\/revisions"}],"predecessor-version":[{"id":181,"href":"https:\/\/www.serviambient.com\/app-web\/wp-json\/wp\/v2\/pages\/101\/revisions\/181"}],"wp:attachment":[{"href":"https:\/\/www.serviambient.com\/app-web\/wp-json\/wp\/v2\/media?parent=101"}],"curies":[{"name":"wp","href":"https:\/\/api.w.org\/{rel}","templated":true}]}}