{"id":165,"date":"2023-03-09T22:51:38","date_gmt":"2023-03-09T22:51:38","guid":{"rendered":"https:\/\/www.serviambient.com\/app-web\/?page_id=165"},"modified":"2023-03-10T03:43:38","modified_gmt":"2023-03-10T03:43:38","slug":"responsabilidad-social","status":"publish","type":"page","link":"https:\/\/www.serviambient.com\/app-web\/responsabilidad-social\/","title":{"rendered":"Responsabilidad Social"},"content":{"rendered":"\n<p>La Responsabilidad Social tambi\u00e9n denominada con las siglas RS, se basa en la identificaci\u00f3n, valoraci\u00f3n de intereses y di\u00e1logo con sus partes interesadas o stakeholders.<\/p>\n\n\n\n<p>La Responsabilidad Social Corporativa o RSC debe formar parte del modelo general de gesti\u00f3n y ha de integrarse en todas las decisiones de la organizaci\u00f3n. Por lo que ser\u00e1 asumida por los trabajadores de la empresa, de este modo se asegura que toda la organizaci\u00f3n es responsable.<\/p>\n\n\n\n<p>Para realizar una correcta implantaci\u00f3n de la RS es necesario tener en cuenta los siguientes factores clave:<\/p>\n\n\n\n<div class=\"guten-element guten-icon-list guten-KkVAg7\">\n<div class=\"guten-element guten-icon-list-item guten-QqmCtW\"><a id=\"guten-QqmCtW\"><i class=\"fas fa-check\"><\/i><span class=\"list-text \">Incrementar la participaci\u00f3n y liderazgo de la Direcci\u00f3n de la empresa.<\/span><\/a><\/div>\n\n\n\n<div class=\"guten-element guten-icon-list-item guten-SK3BWy\"><a id=\"guten-SK3BWy\"><i class=\"fas fa-check\"><\/i><span class=\"list-text \">Impulsar la participaci\u00f3n de toda la organizaci\u00f3n.<\/span><\/a><\/div>\n\n\n\n<div class=\"guten-element guten-icon-list-item guten-QnCjZc\"><a id=\"guten-QnCjZc\"><i class=\"fas fa-check\"><\/i><span class=\"list-text \">Establecer objetivos peque\u00f1os e ir complic\u00e1ndolos gradualmente<\/span><\/a><\/div>\n\n\n\n<div class=\"guten-element guten-icon-list-item guten-WkEwIO\"><a id=\"guten-WkEwIO\"><i class=\"fas fa-check\"><\/i><span class=\"list-text \">Alinear las actividades de RS con la estrategia de la organizaci\u00f3n.<\/span><\/a><\/div>\n\n\n\n<div class=\"guten-element guten-icon-list-item guten-blIodY\"><a id=\"guten-blIodY\"><i class=\"fas fa-check\"><\/i><span class=\"list-text \">Comenzar con un diagn\u00f3stico de los stakeholders y de sus intereses en funci\u00f3n a la actividad de la empresa<\/span><\/a><\/div>\n<\/div>\n\n\n\n<div class=\"guten-element guten-gallery guten-0D2URe layout-overlay grid-desktop-2 grid-tablet-2 grid-mobile-2\" data-grid=\"grid\"><div class=\"gutenverse-popup-gallery hidden\"><div class=\"gallery-header\"><div class=\"left-header\"><\/div><div class=\"right-header\"><svg xmlns=\"http:\/\/www.w3.org\/2000\/svg\" width=\"24\" height=\"24\" viewBox=\"0 0 24 24\" fill=\"none\" stroke=\"currentColor\" stroke-width=\"2\" stroke-linecap=\"round\" stroke-linejoin=\"round\" class=\"icon-fullscreen\"><path d=\"M8 3H5a2 2 0 0 0-2 2v3m18 0V5a2 2 0 0 0-2-2h-3m0 18h3a2 2 0 0 0 2-2v-3M3 16v3a2 2 0 0 0 2 2h3\"><\/path><\/svg><svg xmlns=\"http:\/\/www.w3.org\/2000\/svg\" width=\"24\" height=\"24\" viewBox=\"0 0 24 24\" fill=\"none\" stroke=\"currentColor\" stroke-width=\"2\" stroke-linecap=\"round\" stroke-linejoin=\"round\" class=\"icon-minimize hidden\"><path d=\"M8 3v3a2 2 0 0 1-2 2H3m18 0h-3a2 2 0 0 1-2-2V3m0 18v-3a2 2 0 0 1 2-2h3M3 16h3a2 2 0 0 1 2 2v3\"><\/path><\/svg><svg xmlns=\"http:\/\/www.w3.org\/2000\/svg\" width=\"24\" height=\"24\" viewBox=\"0 0 24 24\" fill=\"none\" stroke=\"currentColor\" stroke-width=\"2\" stroke-linecap=\"round\" stroke-linejoin=\"round\" class=\"icon-zoom\"><circle cx=\"11\" cy=\"11\" r=\"8\"><\/circle><line x1=\"21\" y1=\"21\" x2=\"16.65\" y2=\"16.65\"><\/line><line x1=\"11\" y1=\"8\" x2=\"11\" y2=\"14\"><\/line><line x1=\"8\" y1=\"11\" x2=\"14\" y2=\"11\"><\/line><\/svg><svg xmlns=\"http:\/\/www.w3.org\/2000\/svg\" width=\"24\" height=\"24\" viewBox=\"0 0 24 24\" fill=\"none\" stroke=\"currentColor\" stroke-width=\"2\" stroke-linecap=\"round\" stroke-linejoin=\"round\" class=\"icon-close\"><line x1=\"18\" y1=\"6\" x2=\"6\" y2=\"18\"><\/line><line x1=\"6\" y1=\"6\" x2=\"18\" y2=\"18\"><\/line><\/svg><\/div><\/div><div class=\"gallery-body\"><div class=\"images\"><div id=\"guten-0D2URe\" class=\"swiper-container\"><div class=\"swiper-wrapper\"><div class=\"swiper-slide image-list\"><div class=\"content-image swiper-zoom-container\"><img decoding=\"async\" class=\"main-image\" src=\"https:\/\/www.serviambient.com\/app-web\/wp-content\/uploads\/2023\/03\/galeria1.jpg\"\/><\/div><\/div><div class=\"swiper-slide image-list\"><div class=\"content-image swiper-zoom-container\"><img decoding=\"async\" class=\"main-image\" src=\"https:\/\/www.serviambient.com\/app-web\/wp-content\/uploads\/2023\/03\/galeria2.jpg\"\/><\/div><\/div><div class=\"swiper-slide image-list\"><div class=\"content-image swiper-zoom-container\"><img decoding=\"async\" class=\"main-image\" src=\"https:\/\/www.serviambient.com\/app-web\/wp-content\/uploads\/2023\/03\/galeria3.jpg\"\/><\/div><\/div><div class=\"swiper-slide image-list\"><div class=\"content-image swiper-zoom-container\"><img decoding=\"async\" class=\"main-image\" src=\"https:\/\/www.serviambient.com\/app-web\/wp-content\/uploads\/2023\/03\/galeria4.jpg\"\/><\/div><\/div><\/div><div class=\"swiper-button-prev\"><\/div><div class=\"swiper-button-next\"><\/div><\/div><\/div><\/div><\/div><div class=\"gallery-items\" data-loaded=\"4\" data-max=\"4\"><div class=\"gallery-item-wrap \" data-index=\"0\" data-control=\"Two\"><div class=\"grid-item\"><div class=\"thumbnail-wrap\"><img decoding=\"async\" src=\"https:\/\/www.serviambient.com\/app-web\/wp-content\/uploads\/2023\/03\/galeria1.jpg\"\/><div class=\"caption-wrap style-overlay overlay-overlay animated fade-in\"><div class=\"item-hover-bg\"><\/div><div class=\"item-caption-over\"><h5 class=\"item-title\"><\/h5><div class=\"item-content\"><\/div><div class=\"item-buttons\"><div class=\"gallery-link zoom\"><span class=\"item-icon-inner\"><i class=\"fas fa-search-plus\" aria-hidden=\"true\"><\/i><\/span><\/div><a href=\"\" class=\"gallery-link link\"><span class=\"item-icon-inner\"><i class=\"fas fa-link\" aria-hidden=\"true\"><\/i><\/span><\/a><\/div><\/div><div class=\"caption-head\"><\/div><\/div><\/div><\/div><\/div><div class=\"gallery-item-wrap \" data-index=\"1\" data-control=\"Three\"><div class=\"grid-item\"><div class=\"thumbnail-wrap\"><img decoding=\"async\" src=\"https:\/\/www.serviambient.com\/app-web\/wp-content\/uploads\/2023\/03\/galeria2.jpg\"\/><div class=\"caption-wrap style-overlay overlay-overlay animated fade-in\"><div class=\"item-hover-bg\"><\/div><div class=\"item-caption-over\"><h5 class=\"item-title\"><\/h5><div class=\"item-content\"><\/div><div class=\"item-buttons\"><div class=\"gallery-link zoom\"><span class=\"item-icon-inner\"><i class=\"fas fa-search-plus\" aria-hidden=\"true\"><\/i><\/span><\/div><a href=\"\" class=\"gallery-link link\"><span class=\"item-icon-inner\"><i class=\"fas fa-link\" aria-hidden=\"true\"><\/i><\/span><\/a><\/div><\/div><div class=\"caption-head\"><\/div><\/div><\/div><\/div><\/div><div class=\"gallery-item-wrap \" data-index=\"2\" data-control=\"Four\"><div class=\"grid-item\"><div class=\"thumbnail-wrap\"><img decoding=\"async\" src=\"https:\/\/www.serviambient.com\/app-web\/wp-content\/uploads\/2023\/03\/galeria3.jpg\"\/><div class=\"caption-wrap style-overlay overlay-overlay animated fade-in\"><div class=\"item-hover-bg\"><\/div><div class=\"item-caption-over\"><h5 class=\"item-title\"><\/h5><div class=\"item-content\"><\/div><div class=\"item-buttons\"><div class=\"gallery-link zoom\"><span class=\"item-icon-inner\"><i class=\"fas fa-search-plus\" aria-hidden=\"true\"><\/i><\/span><\/div><a href=\"\" class=\"gallery-link link\"><span class=\"item-icon-inner\"><i class=\"fas fa-link\" aria-hidden=\"true\"><\/i><\/span><\/a><\/div><\/div><div class=\"caption-head\"><\/div><\/div><\/div><\/div><\/div><div class=\"gallery-item-wrap \" data-index=\"3\" data-control=\"Five\"><div class=\"grid-item\"><div class=\"thumbnail-wrap\"><img decoding=\"async\" src=\"https:\/\/www.serviambient.com\/app-web\/wp-content\/uploads\/2023\/03\/galeria4.jpg\"\/><div class=\"caption-wrap style-overlay overlay-overlay animated fade-in\"><div class=\"item-hover-bg\"><\/div><div class=\"item-caption-over\"><h5 class=\"item-title\"><\/h5><div class=\"item-content\"><\/div><div class=\"item-buttons\"><div class=\"gallery-link zoom\"><span class=\"item-icon-inner\"><i class=\"fas fa-search-plus\" aria-hidden=\"true\"><\/i><\/span><\/div><a href=\"\" class=\"gallery-link link\"><span class=\"item-icon-inner\"><i class=\"fas fa-link\" aria-hidden=\"true\"><\/i><\/span><\/a><\/div><\/div><div class=\"caption-head\"><\/div><\/div><\/div><\/div><\/div><\/div><\/div>\n","protected":false},"excerpt":{"rendered":"<p>La Responsabilidad Social tambi\u00e9n denominada con las siglas RS, se basa en la identificaci\u00f3n, valoraci\u00f3n de intereses y di\u00e1logo con sus partes interesadas o stakeholders. La Responsabilidad Social Corporativa o RSC debe formar parte del modelo general de gesti\u00f3n y ha de integrarse en todas las decisiones de la organizaci\u00f3n. Por lo que ser\u00e1 asumida por los trabajadores de la empresa, de este modo se asegura que toda la organizaci\u00f3n es responsable. Para realizar una correcta implantaci\u00f3n de la RS es necesario tener en cuenta los siguientes factores clave:<\/p>\n","protected":false},"author":1,"featured_media":0,"parent":0,"menu_order":0,"comment_status":"closed","ping_status":"closed","template":"","meta":{"footnotes":""},"class_list":["post-165","page","type-page","status-publish","hentry"],"yoast_head":"<!-- This site is optimized with the Yoast SEO plugin v20.2.1 - https:\/\/yoast.com\/wordpress\/plugins\/seo\/ -->\n<title>Responsabilidad Social - Ambient<\/title>\n<meta name=\"description\" content=\"Nuestro compromiso es contribuir con el bienestar de nuestros colaboradores y poder aportar un grano de arena a nuestra regi\u00f3n.\" \/>\n<meta name=\"robots\" content=\"index, follow, max-snippet:-1, max-image-preview:large, max-video-preview:-1\" \/>\n<link rel=\"canonical\" href=\"https:\/\/www.serviambient.com\/app-web\/responsabilidad-social\/\" \/>\n<meta property=\"og:locale\" content=\"es_ES\" \/>\n<meta property=\"og:type\" content=\"article\" \/>\n<meta property=\"og:title\" content=\"Responsabilidad Social - Ambient\" \/>\n<meta property=\"og:description\" content=\"Nuestro compromiso es contribuir con el bienestar de nuestros colaboradores y poder aportar un grano de arena a nuestra regi\u00f3n.\" \/>\n<meta property=\"og:url\" content=\"https:\/\/www.serviambient.com\/app-web\/responsabilidad-social\/\" \/>\n<meta property=\"og:site_name\" content=\"Ambient\" \/>\n<meta property=\"article:modified_time\" content=\"2023-03-10T03:43:38+00:00\" \/>\n<meta property=\"og:image\" content=\"https:\/\/www.serviambient.com\/app-web\/wp-content\/uploads\/2023\/03\/galeria1.jpg\" \/>\n<meta name=\"twitter:card\" content=\"summary_large_image\" \/>\n<meta name=\"twitter:label1\" content=\"Tiempo de lectura\" \/>\n\t<meta name=\"twitter:data1\" content=\"3 minutos\" \/>\n<script type=\"application\/ld+json\" class=\"yoast-schema-graph\">{\"@context\":\"https:\/\/schema.org\",\"@graph\":[{\"@type\":\"WebPage\",\"@id\":\"https:\/\/www.serviambient.com\/app-web\/responsabilidad-social\/\",\"url\":\"https:\/\/www.serviambient.com\/app-web\/responsabilidad-social\/\",\"name\":\"Responsabilidad Social - Ambient\",\"isPartOf\":{\"@id\":\"https:\/\/www.serviambient.com\/app-web\/#website\"},\"datePublished\":\"2023-03-09T22:51:38+00:00\",\"dateModified\":\"2023-03-10T03:43:38+00:00\",\"description\":\"Nuestro compromiso es contribuir con el bienestar de nuestros colaboradores y poder aportar un grano de arena a nuestra regi\u00f3n.\",\"breadcrumb\":{\"@id\":\"https:\/\/www.serviambient.com\/app-web\/responsabilidad-social\/#breadcrumb\"},\"inLanguage\":\"es\",\"potentialAction\":[{\"@type\":\"ReadAction\",\"target\":[\"https:\/\/www.serviambient.com\/app-web\/responsabilidad-social\/\"]}]},{\"@type\":\"BreadcrumbList\",\"@id\":\"https:\/\/www.serviambient.com\/app-web\/responsabilidad-social\/#breadcrumb\",\"itemListElement\":[{\"@type\":\"ListItem\",\"position\":1,\"name\":\"Home\",\"item\":\"https:\/\/www.serviambient.com\/app-web\/\"},{\"@type\":\"ListItem\",\"position\":2,\"name\":\"Responsabilidad Social\"}]},{\"@type\":\"WebSite\",\"@id\":\"https:\/\/www.serviambient.com\/app-web\/#website\",\"url\":\"https:\/\/www.serviambient.com\/app-web\/\",\"name\":\"Ambient\",\"description\":\"Expertos en RESPEL\",\"publisher\":{\"@id\":\"https:\/\/www.serviambient.com\/app-web\/#organization\"},\"potentialAction\":[{\"@type\":\"SearchAction\",\"target\":{\"@type\":\"EntryPoint\",\"urlTemplate\":\"https:\/\/www.serviambient.com\/app-web\/?s={search_term_string}\"},\"query-input\":\"required name=search_term_string\"}],\"inLanguage\":\"es\"},{\"@type\":\"Organization\",\"@id\":\"https:\/\/www.serviambient.com\/app-web\/#organization\",\"name\":\"Ambient\",\"url\":\"https:\/\/www.serviambient.com\/app-web\/\",\"logo\":{\"@type\":\"ImageObject\",\"inLanguage\":\"es\",\"@id\":\"https:\/\/www.serviambient.com\/app-web\/#\/schema\/logo\/image\/\",\"url\":\"https:\/\/www.serviambient.com\/app-web\/wp-content\/uploads\/2023\/02\/cropped-Logo_512.png\",\"contentUrl\":\"https:\/\/www.serviambient.com\/app-web\/wp-content\/uploads\/2023\/02\/cropped-Logo_512.png\",\"width\":512,\"height\":512,\"caption\":\"Ambient\"},\"image\":{\"@id\":\"https:\/\/www.serviambient.com\/app-web\/#\/schema\/logo\/image\/\"}}]}<\/script>\n<!-- \/ Yoast SEO plugin. -->","yoast_head_json":{"title":"Responsabilidad Social - Ambient","description":"Nuestro compromiso es contribuir con el bienestar de nuestros colaboradores y poder aportar un grano de arena a nuestra regi\u00f3n.","robots":{"index":"index","follow":"follow","max-snippet":"max-snippet:-1","max-image-preview":"max-image-preview:large","max-video-preview":"max-video-preview:-1"},"canonical":"https:\/\/www.serviambient.com\/app-web\/responsabilidad-social\/","og_locale":"es_ES","og_type":"article","og_title":"Responsabilidad Social - Ambient","og_description":"Nuestro compromiso es contribuir con el bienestar de nuestros colaboradores y poder aportar un grano de arena a nuestra regi\u00f3n.","og_url":"https:\/\/www.serviambient.com\/app-web\/responsabilidad-social\/","og_site_name":"Ambient","article_modified_time":"2023-03-10T03:43:38+00:00","og_image":[{"url":"https:\/\/www.serviambient.com\/app-web\/wp-content\/uploads\/2023\/03\/galeria1.jpg"}],"twitter_card":"summary_large_image","twitter_misc":{"Tiempo de lectura":"3 minutos"},"schema":{"@context":"https:\/\/schema.org","@graph":[{"@type":"WebPage","@id":"https:\/\/www.serviambient.com\/app-web\/responsabilidad-social\/","url":"https:\/\/www.serviambient.com\/app-web\/responsabilidad-social\/","name":"Responsabilidad Social - Ambient","isPartOf":{"@id":"https:\/\/www.serviambient.com\/app-web\/#website"},"datePublished":"2023-03-09T22:51:38+00:00","dateModified":"2023-03-10T03:43:38+00:00","description":"Nuestro compromiso es contribuir con el bienestar de nuestros colaboradores y poder aportar un grano de arena a nuestra regi\u00f3n.","breadcrumb":{"@id":"https:\/\/www.serviambient.com\/app-web\/responsabilidad-social\/#breadcrumb"},"inLanguage":"es","potentialAction":[{"@type":"ReadAction","target":["https:\/\/www.serviambient.com\/app-web\/responsabilidad-social\/"]}]},{"@type":"BreadcrumbList","@id":"https:\/\/www.serviambient.com\/app-web\/responsabilidad-social\/#breadcrumb","itemListElement":[{"@type":"ListItem","position":1,"name":"Home","item":"https:\/\/www.serviambient.com\/app-web\/"},{"@type":"ListItem","position":2,"name":"Responsabilidad Social"}]},{"@type":"WebSite","@id":"https:\/\/www.serviambient.com\/app-web\/#website","url":"https:\/\/www.serviambient.com\/app-web\/","name":"Ambient","description":"Expertos en RESPEL","publisher":{"@id":"https:\/\/www.serviambient.com\/app-web\/#organization"},"potentialAction":[{"@type":"SearchAction","target":{"@type":"EntryPoint","urlTemplate":"https:\/\/www.serviambient.com\/app-web\/?s={search_term_string}"},"query-input":"required name=search_term_string"}],"inLanguage":"es"},{"@type":"Organization","@id":"https:\/\/www.serviambient.com\/app-web\/#organization","name":"Ambient","url":"https:\/\/www.serviambient.com\/app-web\/","logo":{"@type":"ImageObject","inLanguage":"es","@id":"https:\/\/www.serviambient.com\/app-web\/#\/schema\/logo\/image\/","url":"https:\/\/www.serviambient.com\/app-web\/wp-content\/uploads\/2023\/02\/cropped-Logo_512.png","contentUrl":"https:\/\/www.serviambient.com\/app-web\/wp-content\/uploads\/2023\/02\/cropped-Logo_512.png","width":512,"height":512,"caption":"Ambient"},"image":{"@id":"https:\/\/www.serviambient.com\/app-web\/#\/schema\/logo\/image\/"}}]}},"_links":{"self":[{"href":"https:\/\/www.serviambient.com\/app-web\/wp-json\/wp\/v2\/pages\/165"}],"collection":[{"href":"https:\/\/www.serviambient.com\/app-web\/wp-json\/wp\/v2\/pages"}],"about":[{"href":"https:\/\/www.serviambient.com\/app-web\/wp-json\/wp\/v2\/types\/page"}],"author":[{"embeddable":true,"href":"https:\/\/www.serviambient.com\/app-web\/wp-json\/wp\/v2\/users\/1"}],"replies":[{"embeddable":true,"href":"https:\/\/www.serviambient.com\/app-web\/wp-json\/wp\/v2\/comments?post=165"}],"version-history":[{"count":5,"href":"https:\/\/www.serviambient.com\/app-web\/wp-json\/wp\/v2\/pages\/165\/revisions"}],"predecessor-version":[{"id":177,"href":"https:\/\/www.serviambient.com\/app-web\/wp-json\/wp\/v2\/pages\/165\/revisions\/177"}],"wp:attachment":[{"href":"https:\/\/www.serviambient.com\/app-web\/wp-json\/wp\/v2\/media?parent=165"}],"curies":[{"name":"wp","href":"https:\/\/api.w.org\/{rel}","templated":true}]}}